{"id":183,"date":"2025-03-22T14:32:15","date_gmt":"2025-03-22T14:32:15","guid":{"rendered":"https:\/\/miastorelacje.pl\/?page_id=183"},"modified":"2025-03-22T14:32:15","modified_gmt":"2025-03-22T14:32:15","slug":"miastorelacje-x-mobilities-for-eu-dostawy-w-rytmie-smart","status":"publish","type":"page","link":"https:\/\/miastorelacje.pl\/index.php\/miastorelacje-x-mobilities-for-eu-dostawy-w-rytmie-smart\/","title":{"rendered":"MiastoRelacje x Mobilities for EU: dostawy w rytmie smart"},"content":{"rendered":"\n<h3 class=\"wp-block-heading\"><strong>MiastoRelacje x Mobilities for EU: dostawy w rytmie smart<\/strong><\/h3>\n\n\n\n<p>W ramach europejskiego projektu <strong>Mobilities for EU<\/strong>, wsp\u00f3lnie z mieszka\u0144cami, ekspertami i partnerami lokalnymi pracujemy nad przysz\u0142o\u015bci\u0105 dostaw towar\u00f3w w dzielnicy Oliwa. Nasz lokalny Urban Transport Lab \u2013 <strong>FLUT (Flying Urban Transport Lab)<\/strong> \u2013 to przestrze\u0144 wsp\u00f3\u0142pracy, w kt\u00f3rej analizujemy codzienne wyzwania logistyczne i szukamy konkretnych rozwi\u0105za\u0144.<\/p>\n\n\n\n<p>W grudniu 2024 zorganizowali\u015bmy otwarte warsztaty <strong>\u201eOliwa i Przymorze: dostawy towar\u00f3w w rytmie smart\u201d<\/strong>, podczas kt\u00f3rych:<\/p>\n\n\n\n<ul class=\"wp-block-list\">\n<li>wsp\u00f3lnie z uczestnikami zmapowali\u015bmy problemy zwi\u0105zane z miejsk\u0105 logistyk\u0105 w Oliwie,<\/li>\n\n\n\n<li>szukali\u015bmy sposob\u00f3w na lepsze dostawy ostatniej mili,<\/li>\n\n\n\n<li>rozmawiali\u015bmy o mo\u017cliwo\u015bciach wdro\u017cenia mikrohub\u00f3w, rower\u00f3w cargo i wsp\u00f3\u0142dzielonych punkt\u00f3w odbioru przesy\u0142ek.<\/li>\n<\/ul>\n\n\n\n<p>To cz\u0119\u015b\u0107 wi\u0119kszej ca\u0142o\u015bci \u2013 planowania <strong>zr\u00f3wnowa\u017conej logistyki miejskiej (SULP)<\/strong>, kt\u00f3ra uwzgl\u0119dnia potrzeby mieszka\u0144c\u00f3w, biznesu i \u015brodowiska. Dzi\u0119ki takiemu podej\u015bciu tworzymy rekomendacje realnie dopasowane do lokalnego kontekstu \u2013 oparte na danych, wiedzy i zaanga\u017cowaniu spo\u0142eczno\u015bci. W planach kolejne dzia\u0142ania warsztatowe dla mieszka\u0144c\u00f3w i przedstawicieli k\u00f3\u0142 naukowych tr\u00f3jmiejskich\u00a0uczelni.<\/p>\n\n\n\n<p>Dzia\u0142ania prowadzone w Gda\u0144sku w ramach projektu koordynuje zesp\u00f3\u0142 z Biura Architekta Miasta, a <strong>miastoRelacje<\/strong> wspiera procesy w\u0142\u0105czania mieszka\u0144c\u00f3w, wsp\u00f3\u0142tworzenia rozwi\u0105za\u0144 i projektowania komunikacji wok\u00f3\u0142 tych dzia\u0142a\u0144.<\/p>\n\n\n\n<figure class=\"wp-block-gallery has-nested-images columns-default is-cropped wp-block-gallery-1 is-layout-flex wp-block-gallery-is-layout-flex\">\n<figure class=\"wp-block-image size-large\"><img loading=\"lazy\" decoding=\"async\" width=\"935\" height=\"1024\" data-id=\"184\" src=\"https:\/\/miastorelacje.pl\/wp-content\/uploads\/2025\/03\/IMG_3464-935x1024.png\" alt=\"\" class=\"wp-image-184\" srcset=\"https:\/\/miastorelacje.pl\/wp-content\/uploads\/2025\/03\/IMG_3464-935x1024.png 935w, https:\/\/miastorelacje.pl\/wp-content\/uploads\/2025\/03\/IMG_3464-274x300.png 274w, https:\/\/miastorelacje.pl\/wp-content\/uploads\/2025\/03\/IMG_3464-768x841.png 768w, https:\/\/miastorelacje.pl\/wp-content\/uploads\/2025\/03\/IMG_3464-1403x1536.png 1403w, https:\/\/miastorelacje.pl\/wp-content\/uploads\/2025\/03\/IMG_3464-1870x2048.png 1870w, https:\/\/miastorelacje.pl\/wp-content\/uploads\/2025\/03\/IMG_3464-986x1080.png 986w\" sizes=\"(max-width: 935px) 100vw, 935px\" \/><\/figure>\n\n\n\n<figure class=\"wp-block-image size-large\"><img loading=\"lazy\" decoding=\"async\" width=\"768\" height=\"1024\" data-id=\"186\" src=\"https:\/\/miastorelacje.pl\/wp-content\/uploads\/2025\/03\/IMG_3510-2-768x1024.png\" alt=\"\" class=\"wp-image-186\" srcset=\"https:\/\/miastorelacje.pl\/wp-content\/uploads\/2025\/03\/IMG_3510-2-768x1024.png 768w, https:\/\/miastorelacje.pl\/wp-content\/uploads\/2025\/03\/IMG_3510-2-225x300.png 225w, https:\/\/miastorelacje.pl\/wp-content\/uploads\/2025\/03\/IMG_3510-2-1152x1536.png 1152w, https:\/\/miastorelacje.pl\/wp-content\/uploads\/2025\/03\/IMG_3510-2-1536x2048.png 1536w, https:\/\/miastorelacje.pl\/wp-content\/uploads\/2025\/03\/IMG_3510-2-810x1080.png 810w\" sizes=\"(max-width: 768px) 100vw, 768px\" \/><\/figure>\n\n\n\n<figure class=\"wp-block-image size-large\"><img loading=\"lazy\" decoding=\"async\" width=\"1024\" height=\"768\" data-id=\"185\" src=\"https:\/\/miastorelacje.pl\/wp-content\/uploads\/2025\/03\/IMG_3465-1024x768.png\" alt=\"\" class=\"wp-image-185\" srcset=\"https:\/\/miastorelacje.pl\/wp-content\/uploads\/2025\/03\/IMG_3465-1024x768.png 1024w, https:\/\/miastorelacje.pl\/wp-content\/uploads\/2025\/03\/IMG_3465-300x225.png 300w, https:\/\/miastorelacje.pl\/wp-content\/uploads\/2025\/03\/IMG_3465-768x576.png 768w, https:\/\/miastorelacje.pl\/wp-content\/uploads\/2025\/03\/IMG_3465-1536x1152.png 1536w, https:\/\/miastorelacje.pl\/wp-content\/uploads\/2025\/03\/IMG_3465-2048x1536.png 2048w, https:\/\/miastorelacje.pl\/wp-content\/uploads\/2025\/03\/IMG_3465-1440x1080.png 1440w\" sizes=\"(max-width: 1024px) 100vw, 1024px\" \/><\/figure>\n\n\n\n<figure class=\"wp-block-image size-large\"><img loading=\"lazy\" decoding=\"async\" width=\"768\" height=\"1024\" data-id=\"187\" src=\"https:\/\/miastorelacje.pl\/wp-content\/uploads\/2025\/03\/IMG_3503-2-768x1024.png\" alt=\"\" class=\"wp-image-187\" srcset=\"https:\/\/miastorelacje.pl\/wp-content\/uploads\/2025\/03\/IMG_3503-2-768x1024.png 768w, https:\/\/miastorelacje.pl\/wp-content\/uploads\/2025\/03\/IMG_3503-2-225x300.png 225w, https:\/\/miastorelacje.pl\/wp-content\/uploads\/2025\/03\/IMG_3503-2-1152x1536.png 1152w, https:\/\/miastorelacje.pl\/wp-content\/uploads\/2025\/03\/IMG_3503-2-1536x2048.png 1536w, https:\/\/miastorelacje.pl\/wp-content\/uploads\/2025\/03\/IMG_3503-2-810x1080.png 810w\" sizes=\"(max-width: 768px) 100vw, 768px\" \/><\/figure>\n<\/figure>\n","protected":false},"excerpt":{"rendered":"<p>MiastoRelacje x Mobilities for EU: dostawy w rytmie smart W ramach europejskiego projektu Mobilities for EU, wsp\u00f3lnie z mieszka\u0144cami, ekspertami i partnerami lokalnymi pracujemy nad przysz\u0142o\u015bci\u0105 dostaw towar\u00f3w w dzielnicy Oliwa. Nasz lokalny Urban Transport Lab \u2013 FLUT (Flying Urban Transport Lab) \u2013 to przestrze\u0144 wsp\u00f3\u0142pracy, w kt\u00f3rej analizujemy codzienne wyzwania logistyczne i szukamy konkretnych [&hellip;]<\/p>\n","protected":false},"author":2,"featured_media":0,"parent":0,"menu_order":0,"comment_status":"closed","ping_status":"closed","template":"","meta":{"saved_in_kubio":false,"footnotes":""},"class_list":["post-183","page","type-page","status-publish","hentry"],"kubio_ai_page_context":{"short_desc":"","purpose":"general"},"_links":{"self":[{"href":"https:\/\/miastorelacje.pl\/index.php\/wp-json\/wp\/v2\/pages\/183","targetHints":{"allow":["GET"]}}],"collection":[{"href":"https:\/\/miastorelacje.pl\/index.php\/wp-json\/wp\/v2\/pages"}],"about":[{"href":"https:\/\/miastorelacje.pl\/index.php\/wp-json\/wp\/v2\/types\/page"}],"author":[{"embeddable":true,"href":"https:\/\/miastorelacje.pl\/index.php\/wp-json\/wp\/v2\/users\/2"}],"replies":[{"embeddable":true,"href":"https:\/\/miastorelacje.pl\/index.php\/wp-json\/wp\/v2\/comments?post=183"}],"version-history":[{"count":1,"href":"https:\/\/miastorelacje.pl\/index.php\/wp-json\/wp\/v2\/pages\/183\/revisions"}],"predecessor-version":[{"id":188,"href":"https:\/\/miastorelacje.pl\/index.php\/wp-json\/wp\/v2\/pages\/183\/revisions\/188"}],"wp:attachment":[{"href":"https:\/\/miastorelacje.pl\/index.php\/wp-json\/wp\/v2\/media?parent=183"}],"curies":[{"name":"wp","href":"https:\/\/api.w.org\/{rel}","templated":true}]}}